{"id":29739,"date":"2017-02-16T09:13:19","date_gmt":"2017-02-16T08:13:19","guid":{"rendered":"https:\/\/aclama.be\/accueil\/"},"modified":"2025-10-02T14:03:48","modified_gmt":"2025-10-02T12:03:48","slug":"accueil","status":"publish","type":"page","link":"https:\/\/aclama.be\/fr\/","title":{"rendered":"ACCUEIL"},"content":{"rendered":"<p>[et_pb_section fb_built=\u00a0\u00bb1&Prime; fullwidth=\u00a0\u00bbon\u00a0\u00bb admin_label=\u00a0\u00bbHeader Section\u00a0\u00bb _builder_version=\u00a0\u00bb4.16.0&Prime; background_color=\u00a0\u00bb#000000&Prime; custom_padding=\u00a0\u00bb|||\u00a0\u00bb global_colors_info=\u00a0\u00bb{}\u00a0\u00bb theme_builder_area=\u00a0\u00bbpost_content\u00a0\u00bb][et_pb_fullwidth_header title=\u00a0\u00bbACLAMA\u00a0\u00bb subhead=\u00a0\u00bbAssociation for Contemporary Latin American Music &#038; Arts\u00a0\u00bb text_orientation=\u00a0\u00bbcenter\u00a0\u00bb header_fullscreen=\u00a0\u00bbon\u00a0\u00bb header_scroll_down=\u00a0\u00bbon\u00a0\u00bb scroll_down_icon=\u00a0\u00bb%%2%%\u00a0\u00bb scroll_down_icon_color=\u00a0\u00bb#ffffff\u00a0\u00bb button_one_text=\u00a0\u00bbCONTACT US\u00a0\u00bb button_one_url=\u00a0\u00bb#\u00a0\u00bb background_overlay_color=\u00a0\u00bbrgba(0,0,0,0.4)\u00a0\u00bb admin_label=\u00a0\u00bbContents\u00a0\u00bb module_class=\u00a0\u00bbbutton\u00a0\u00bb _builder_version=\u00a0\u00bb4.27.4&Prime; title_font=\u00a0\u00bbOswald|||on|\u00a0\u00bb title_text_align=\u00a0\u00bbcenter\u00a0\u00bb title_font_size=\u00a0\u00bb71px\u00a0\u00bb title_letter_spacing=\u00a0\u00bb0.05em\u00a0\u00bb title_line_height=\u00a0\u00bb1.5em\u00a0\u00bb subhead_font=\u00a0\u00bbNunito|600|||||||\u00a0\u00bb subhead_font_size=\u00a0\u00bb20px\u00a0\u00bb subhead_line_height=\u00a0\u00bb1.9em\u00a0\u00bb background_color=\u00a0\u00bbrgba(255, 255, 255, 0)\u00a0\u00bb background_image=\u00a0\u00bbhttps:\/\/aclama.be\/wp-content\/uploads\/2022\/04\/1pzhr6xpl6k.jpg\u00a0\u00bb parallax=\u00a0\u00bbon\u00a0\u00bb parallax_method=\u00a0\u00bbon\u00a0\u00bb custom_button_one=\u00a0\u00bbon\u00a0\u00bb button_one_text_size=\u00a0\u00bb15px\u00a0\u00bb button_one_bg_color=\u00a0\u00bb#dca57d\u00a0\u00bb button_one_border_width=\u00a0\u00bb10px\u00a0\u00bb button_one_border_color=\u00a0\u00bb#dca57d\u00a0\u00bb button_one_border_radius=\u00a0\u00bb30px\u00a0\u00bb button_one_letter_spacing=\u00a0\u00bb3px\u00a0\u00bb button_one_font=\u00a0\u00bbOswald|||on|\u00a0\u00bb button_one_use_icon=\u00a0\u00bboff\u00a0\u00bb min_height=\u00a0\u00bb812px\u00a0\u00bb custom_margin=\u00a0\u00bb0px||0px||false|false\u00a0\u00bb custom_padding=\u00a0\u00bb0px||0px||false|false\u00a0\u00bb animation_style=\u00a0\u00bbfade\u00a0\u00bb animation_starting_opacity=\u00a0\u00bb50%\u00a0\u00bb animation_speed_curve=\u00a0\u00bbease-in\u00a0\u00bb hover_enabled=\u00a0\u00bb0&Prime; title_font_size_tablet=\u00a0\u00bb60px\u00a0\u00bb title_font_size_phone=\u00a0\u00bb35px\u00a0\u00bb title_font_size_last_edited=\u00a0\u00bbon|tablet\u00a0\u00bb button_one_border_color_hover=\u00a0\u00bb#c99872&Prime; button_one_border_radius_hover=\u00a0\u00bb0px\u00a0\u00bb button_one_letter_spacing_hover=\u00a0\u00bb3px\u00a0\u00bb button_one_bg_color_hover=\u00a0\u00bb#c99872&Prime; global_colors_info=\u00a0\u00bb{}\u00a0\u00bb button_one_text_size__hover_enabled=\u00a0\u00bboff\u00a0\u00bb button_two_text_size__hover_enabled=\u00a0\u00bboff\u00a0\u00bb button_one_text_color__hover_enabled=\u00a0\u00bboff\u00a0\u00bb button_two_text_color__hover_enabled=\u00a0\u00bboff\u00a0\u00bb button_one_border_width__hover_enabled=\u00a0\u00bboff\u00a0\u00bb button_two_border_width__hover_enabled=\u00a0\u00bboff\u00a0\u00bb button_one_border_color__hover_enabled=\u00a0\u00bbon\u00a0\u00bb button_one_border_color__hover=\u00a0\u00bb#c99872&Prime; button_two_border_color__hover_enabled=\u00a0\u00bboff\u00a0\u00bb button_one_border_radius__hover_enabled=\u00a0\u00bbon\u00a0\u00bb button_one_border_radius__hover=\u00a0\u00bb0px\u00a0\u00bb button_two_border_radius__hover_enabled=\u00a0\u00bboff\u00a0\u00bb button_one_letter_spacing__hover_enabled=\u00a0\u00bbon\u00a0\u00bb button_one_letter_spacing__hover=\u00a0\u00bb3px\u00a0\u00bb button_two_letter_spacing__hover_enabled=\u00a0\u00bboff\u00a0\u00bb button_one_bg_color__hover_enabled=\u00a0\u00bbon\u00a0\u00bb button_one_bg_color__hover=\u00a0\u00bb#c99872&Prime; button_two_bg_color__hover_enabled=\u00a0\u00bboff\u00a0\u00bb theme_builder_area=\u00a0\u00bbpost_content\u00a0\u00bb sticky_enabled=\u00a0\u00bb0&Prime;][\/et_pb_fullwidth_header][\/et_pb_section][et_pb_section fb_built=\u00a0\u00bb1&Prime; admin_label=\u00a0\u00bbsection\u00a0\u00bb _builder_version=\u00a0\u00bb4.16&Prime; custom_padding=\u00a0\u00bb0px|0px|0px|0px\u00a0\u00bb transparent_background=\u00a0\u00bboff\u00a0\u00bb make_fullwidth=\u00a0\u00bboff\u00a0\u00bb use_custom_width=\u00a0\u00bboff\u00a0\u00bb width_unit=\u00a0\u00bboff\u00a0\u00bb custom_width_px=\u00a0\u00bb1080px\u00a0\u00bb custom_width_percent=\u00a0\u00bb80%\u00a0\u00bb global_colors_info=\u00a0\u00bb{}\u00a0\u00bb][et_pb_row column_structure=\u00a0\u00bb1_2,1_2&Prime; _builder_version=\u00a0\u00bb4.16.0&Prime; _module_preset=\u00a0\u00bbdefault\u00a0\u00bb custom_padding=\u00a0\u00bb75px|||||\u00a0\u00bb global_colors_info=\u00a0\u00bb{}\u00a0\u00bb theme_builder_area=\u00a0\u00bbpost_content\u00a0\u00bb][et_pb_column type=\u00a0\u00bb1_2&Prime; _builder_version=\u00a0\u00bb4.16.0&Prime; _module_preset=\u00a0\u00bbdefault\u00a0\u00bb global_colors_info=\u00a0\u00bb{}\u00a0\u00bb theme_builder_area=\u00a0\u00bbpost_content\u00a0\u00bb][et_pb_cta title=\u00a0\u00bbACLAMA BOOKING\u00a0\u00bb button_url=\u00a0\u00bbhttps:\/\/aclama.be\/fr\/project\/booking-dartistes\/\u00a0\u00bb button_text=\u00a0\u00bbEn savoir plus\u00a0\u00bb module_class=\u00a0\u00bbbutton\u00a0\u00bb _builder_version=\u00a0\u00bb4.27.4&Prime; _module_preset=\u00a0\u00bbdefault\u00a0\u00bb background_image=\u00a0\u00bbhttps:\/\/aclama.be\/wp-content\/uploads\/2022\/04\/tk9rqcq5eqo.jpg\u00a0\u00bb custom_button=\u00a0\u00bbon\u00a0\u00bb button_text_color=\u00a0\u00bb#FFFFFF\u00a0\u00bb button_border_radius=\u00a0\u00bb13px\u00a0\u00bb button_alignment=\u00a0\u00bbcenter\u00a0\u00bb custom_padding=\u00a0\u00bb|70px||70px|false|true\u00a0\u00bb hover_enabled=\u00a0\u00bb0&Prime; box_shadow_style_button=\u00a0\u00bbpreset1&Prime; global_colors_info=\u00a0\u00bb{}\u00a0\u00bb theme_builder_area=\u00a0\u00bbpost_content\u00a0\u00bb sticky_enabled=\u00a0\u00bb0&Prime;]<\/p>\n<p class=\"p1\">ACLAMA \u2013 booking &amp; management \u2013 b\u00e9n\u00e9ficie d\u2019une exp\u00e9rience solide et reconnue dans le domaine de la gestion de tourn\u00e9es internationales, des \u00e9changes culturels ainsi que dans divers autres projets connexes.<\/p>\n<p>[\/et_pb_cta][\/et_pb_column][et_pb_column type=\u00a0\u00bb1_2&Prime; _builder_version=\u00a0\u00bb4.16.0&Prime; _module_preset=\u00a0\u00bbdefault\u00a0\u00bb global_colors_info=\u00a0\u00bb{}\u00a0\u00bb theme_builder_area=\u00a0\u00bbpost_content\u00a0\u00bb][et_pb_text admin_label=\u00a0\u00bbTexte\u00a0\u00bb _builder_version=\u00a0\u00bb4.16.0&Prime; background_size=\u00a0\u00bbinitial\u00a0\u00bb background_position=\u00a0\u00bbtop_left\u00a0\u00bb background_repeat=\u00a0\u00bbrepeat\u00a0\u00bb custom_margin=\u00a0\u00bb0px||0px|-3px|false|false\u00a0\u00bb custom_padding=\u00a0\u00bb29px|57px|5px|2px|false|false\u00a0\u00bb use_border_color=\u00a0\u00bboff\u00a0\u00bb border_style=\u00a0\u00bbsolid\u00a0\u00bb global_colors_info=\u00a0\u00bb{}\u00a0\u00bb theme_builder_area=\u00a0\u00bbpost_content\u00a0\u00bb]<\/p>\n<h1>Mission<\/h1>\n<p>[\/et_pb_text][et_pb_text _builder_version=\u00a0\u00bb4.27.4&Prime; _module_preset=\u00a0\u00bbdefault\u00a0\u00bb custom_padding=\u00a0\u00bb5px||30px||false|false\u00a0\u00bb hover_enabled=\u00a0\u00bb0&Prime; global_colors_info=\u00a0\u00bb{}\u00a0\u00bb theme_builder_area=\u00a0\u00bbpost_content\u00a0\u00bb sticky_enabled=\u00a0\u00bb0&Prime;]<\/p>\n<p data-start=\"69\" data-end=\"333\">Notre mission est de soutenir les artistes, les cr\u00e9ateurs ind\u00e9pendants, les associations et les organisations culturelles, en favorisant le d\u00e9veloppement de nouveaux projets et en renfor\u00e7ant ceux d\u00e9j\u00e0 existants dans toutes les formes d\u2019expression artistique.<\/p>\n<p data-start=\"335\" data-end=\"514\">Nous apportons un accompagnement strat\u00e9gique, une contribution cr\u00e9ative et un soutien pr\u00e9coce afin de permettre aux initiatives culturelles de se d\u00e9velopper et de prosp\u00e9rer.<\/p>\n<p>[\/et_pb_text][\/et_pb_column][\/et_pb_row][\/et_pb_section]<\/p>\n","protected":false},"excerpt":{"rendered":"<p>ACLAMA \u2013 booking &amp; management \u2013 b\u00e9n\u00e9ficie d\u2019une exp\u00e9rience solide et reconnue dans le domaine de la gestion de tourn\u00e9es internationales, des \u00e9changes culturels ainsi que dans divers autres projets connexes.MissionNotre mission est de soutenir les artistes, les cr\u00e9ateurs ind\u00e9pendants, les associations et les organisations culturelles, en favorisant le d\u00e9veloppement de nouveaux projets et en [&hellip;]<\/p>\n","protected":false},"author":1,"featured_media":0,"parent":0,"menu_order":0,"comment_status":"closed","ping_status":"closed","template":"","meta":{"_et_pb_use_builder":"on","_et_pb_old_content":"","_et_gb_content_width":"","footnotes":""},"class_list":["post-29739","page","type-page","status-publish","hentry"],"yoast_head":"<!-- This site is optimized with the Yoast SEO plugin v27.4 - https:\/\/yoast.com\/product\/yoast-seo-wordpress\/ -->\n<title>ACCUEIL<\/title>\n<meta name=\"description\" content=\"Aclama a.s.b.l. est une association \u00e0 but non lucratif qui promeut la culture et ses acteurs. Booking, cours de musique, concerts, etc.\" \/>\n<meta name=\"robots\" content=\"index, follow, max-snippet:-1, max-image-preview:large, max-video-preview:-1\" \/>\n<link rel=\"canonical\" href=\"https:\/\/aclama.be\/fr\/\" \/>\n<meta property=\"og:locale\" content=\"fr_FR\" \/>\n<meta property=\"og:type\" content=\"article\" \/>\n<meta property=\"og:title\" content=\"ACCUEIL\" \/>\n<meta property=\"og:description\" content=\"Aclama a.s.b.l. est une association \u00e0 but non lucratif qui promeut la culture et ses acteurs. Booking, cours de musique, concerts, etc.\" \/>\n<meta property=\"og:url\" content=\"https:\/\/aclama.be\/fr\/\" \/>\n<meta property=\"og:site_name\" content=\"aclama.be\" \/>\n<meta property=\"article:modified_time\" content=\"2025-10-02T12:03:48+00:00\" \/>\n<meta name=\"twitter:card\" content=\"summary_large_image\" \/>\n<meta name=\"twitter:label1\" content=\"Dur\u00e9e de lecture estim\u00e9e\" \/>\n\t<meta name=\"twitter:data1\" content=\"1 minute\" \/>\n<script type=\"application\/ld+json\" class=\"yoast-schema-graph\">{\"@context\":\"https:\\\/\\\/schema.org\",\"@graph\":[{\"@type\":\"WebPage\",\"@id\":\"https:\\\/\\\/aclama.be\\\/fr\\\/\",\"url\":\"https:\\\/\\\/aclama.be\\\/fr\\\/\",\"name\":\"ACCUEIL\",\"isPartOf\":{\"@id\":\"https:\\\/\\\/aclama.be\\\/fr\\\/#website\"},\"datePublished\":\"2017-02-16T08:13:19+00:00\",\"dateModified\":\"2025-10-02T12:03:48+00:00\",\"description\":\"Aclama a.s.b.l. est une association \u00e0 but non lucratif qui promeut la culture et ses acteurs. Booking, cours de musique, concerts, etc.\",\"breadcrumb\":{\"@id\":\"https:\\\/\\\/aclama.be\\\/fr\\\/#breadcrumb\"},\"inLanguage\":\"fr-FR\",\"potentialAction\":[{\"@type\":\"ReadAction\",\"target\":[\"https:\\\/\\\/aclama.be\\\/fr\\\/\"]}]},{\"@type\":\"BreadcrumbList\",\"@id\":\"https:\\\/\\\/aclama.be\\\/fr\\\/#breadcrumb\",\"itemListElement\":[{\"@type\":\"ListItem\",\"position\":1,\"name\":\"Home\",\"item\":\"https:\\\/\\\/aclama.be\\\/fr\\\/\"},{\"@type\":\"ListItem\",\"position\":2,\"name\":\"ACCUEIL\"}]},{\"@type\":\"WebSite\",\"@id\":\"https:\\\/\\\/aclama.be\\\/fr\\\/#website\",\"url\":\"https:\\\/\\\/aclama.be\\\/fr\\\/\",\"name\":\"aclama.be\",\"description\":\"Aclama Music &amp; Arts\",\"publisher\":{\"@id\":\"https:\\\/\\\/aclama.be\\\/fr\\\/#organization\"},\"potentialAction\":[{\"@type\":\"SearchAction\",\"target\":{\"@type\":\"EntryPoint\",\"urlTemplate\":\"https:\\\/\\\/aclama.be\\\/fr\\\/?s={search_term_string}\"},\"query-input\":{\"@type\":\"PropertyValueSpecification\",\"valueRequired\":true,\"valueName\":\"search_term_string\"}}],\"inLanguage\":\"fr-FR\"},{\"@type\":\"Organization\",\"@id\":\"https:\\\/\\\/aclama.be\\\/fr\\\/#organization\",\"name\":\"ACLAMA\",\"url\":\"https:\\\/\\\/aclama.be\\\/fr\\\/\",\"logo\":{\"@type\":\"ImageObject\",\"inLanguage\":\"fr-FR\",\"@id\":\"https:\\\/\\\/aclama.be\\\/fr\\\/#\\\/schema\\\/logo\\\/image\\\/\",\"url\":\"https:\\\/\\\/aclama.be\\\/wp-content\\\/uploads\\\/2022\\\/06\\\/Logo-circular-comp.png\",\"contentUrl\":\"https:\\\/\\\/aclama.be\\\/wp-content\\\/uploads\\\/2022\\\/06\\\/Logo-circular-comp.png\",\"width\":394,\"height\":415,\"caption\":\"ACLAMA\"},\"image\":{\"@id\":\"https:\\\/\\\/aclama.be\\\/fr\\\/#\\\/schema\\\/logo\\\/image\\\/\"},\"sameAs\":[\"https:\\\/\\\/www.youtube.com\\\/user\\\/estilonomade\"]}]}<\/script>\n<!-- \/ Yoast SEO plugin. -->","yoast_head_json":{"title":"ACCUEIL","description":"Aclama a.s.b.l. est une association \u00e0 but non lucratif qui promeut la culture et ses acteurs. Booking, cours de musique, concerts, etc.","robots":{"index":"index","follow":"follow","max-snippet":"max-snippet:-1","max-image-preview":"max-image-preview:large","max-video-preview":"max-video-preview:-1"},"canonical":"https:\/\/aclama.be\/fr\/","og_locale":"fr_FR","og_type":"article","og_title":"ACCUEIL","og_description":"Aclama a.s.b.l. est une association \u00e0 but non lucratif qui promeut la culture et ses acteurs. Booking, cours de musique, concerts, etc.","og_url":"https:\/\/aclama.be\/fr\/","og_site_name":"aclama.be","article_modified_time":"2025-10-02T12:03:48+00:00","twitter_card":"summary_large_image","twitter_misc":{"Dur\u00e9e de lecture estim\u00e9e":"1 minute"},"schema":{"@context":"https:\/\/schema.org","@graph":[{"@type":"WebPage","@id":"https:\/\/aclama.be\/fr\/","url":"https:\/\/aclama.be\/fr\/","name":"ACCUEIL","isPartOf":{"@id":"https:\/\/aclama.be\/fr\/#website"},"datePublished":"2017-02-16T08:13:19+00:00","dateModified":"2025-10-02T12:03:48+00:00","description":"Aclama a.s.b.l. est une association \u00e0 but non lucratif qui promeut la culture et ses acteurs. Booking, cours de musique, concerts, etc.","breadcrumb":{"@id":"https:\/\/aclama.be\/fr\/#breadcrumb"},"inLanguage":"fr-FR","potentialAction":[{"@type":"ReadAction","target":["https:\/\/aclama.be\/fr\/"]}]},{"@type":"BreadcrumbList","@id":"https:\/\/aclama.be\/fr\/#breadcrumb","itemListElement":[{"@type":"ListItem","position":1,"name":"Home","item":"https:\/\/aclama.be\/fr\/"},{"@type":"ListItem","position":2,"name":"ACCUEIL"}]},{"@type":"WebSite","@id":"https:\/\/aclama.be\/fr\/#website","url":"https:\/\/aclama.be\/fr\/","name":"aclama.be","description":"Aclama Music &amp; Arts","publisher":{"@id":"https:\/\/aclama.be\/fr\/#organization"},"potentialAction":[{"@type":"SearchAction","target":{"@type":"EntryPoint","urlTemplate":"https:\/\/aclama.be\/fr\/?s={search_term_string}"},"query-input":{"@type":"PropertyValueSpecification","valueRequired":true,"valueName":"search_term_string"}}],"inLanguage":"fr-FR"},{"@type":"Organization","@id":"https:\/\/aclama.be\/fr\/#organization","name":"ACLAMA","url":"https:\/\/aclama.be\/fr\/","logo":{"@type":"ImageObject","inLanguage":"fr-FR","@id":"https:\/\/aclama.be\/fr\/#\/schema\/logo\/image\/","url":"https:\/\/aclama.be\/wp-content\/uploads\/2022\/06\/Logo-circular-comp.png","contentUrl":"https:\/\/aclama.be\/wp-content\/uploads\/2022\/06\/Logo-circular-comp.png","width":394,"height":415,"caption":"ACLAMA"},"image":{"@id":"https:\/\/aclama.be\/fr\/#\/schema\/logo\/image\/"},"sameAs":["https:\/\/www.youtube.com\/user\/estilonomade"]}]}},"_links":{"self":[{"href":"https:\/\/aclama.be\/fr\/wp-json\/wp\/v2\/pages\/29739","targetHints":{"allow":["GET"]}}],"collection":[{"href":"https:\/\/aclama.be\/fr\/wp-json\/wp\/v2\/pages"}],"about":[{"href":"https:\/\/aclama.be\/fr\/wp-json\/wp\/v2\/types\/page"}],"author":[{"embeddable":true,"href":"https:\/\/aclama.be\/fr\/wp-json\/wp\/v2\/users\/1"}],"replies":[{"embeddable":true,"href":"https:\/\/aclama.be\/fr\/wp-json\/wp\/v2\/comments?post=29739"}],"version-history":[{"count":22,"href":"https:\/\/aclama.be\/fr\/wp-json\/wp\/v2\/pages\/29739\/revisions"}],"predecessor-version":[{"id":31031,"href":"https:\/\/aclama.be\/fr\/wp-json\/wp\/v2\/pages\/29739\/revisions\/31031"}],"wp:attachment":[{"href":"https:\/\/aclama.be\/fr\/wp-json\/wp\/v2\/media?parent=29739"}],"curies":[{"name":"wp","href":"https:\/\/api.w.org\/{rel}","templated":true}]}}